{"id":604,"date":"2022-07-12T12:19:35","date_gmt":"2022-07-12T12:19:35","guid":{"rendered":"https:\/\/bertillebossard.com\/?page_id=604"},"modified":"2025-11-09T09:07:22","modified_gmt":"2025-11-09T09:07:22","slug":"a-propos-2","status":"publish","type":"page","link":"https:\/\/bertillebossard.com\/?page_id=604","title":{"rendered":"\u00c0 propos"},"content":{"rendered":"\n<div class=\"wp-block-cover alignfull is-light has-custom-content-position is-position-bottom-center uag-hide-mob\" style=\"border-radius:33px;min-height:800px;aspect-ratio:unset;\"><span aria-hidden=\"true\" class=\"wp-block-cover__background has-background-dim-0 has-background-dim\"><\/span><video class=\"wp-block-cover__video-background intrinsic-ignore\" autoplay muted loop playsinline src=\"https:\/\/bertillebossard.com\/wp-content\/uploads\/2025\/01\/banniere-video.mp4\" data-object-fit=\"cover\"><\/video><div class=\"wp-block-cover__inner-container is-layout-flow wp-block-cover-is-layout-flow\">\n<div class=\"wp-block-columns alignwide is-layout-flex wp-container-core-columns-is-layout-28f84493 wp-block-columns-is-layout-flex\">\n<div class=\"wp-block-column is-layout-flow wp-block-column-is-layout-flow\" style=\"flex-basis:55%\">\n<div style=\"height:330px\" aria-hidden=\"true\" class=\"wp-block-spacer\"><\/div>\n<\/div>\n\n\n\n<div class=\"wp-block-column is-layout-flow wp-block-column-is-layout-flow\"><\/div>\n<\/div>\n<\/div><\/div>\n\n\n\n<div style=\"height:100px\" aria-hidden=\"true\" class=\"wp-block-spacer\"><\/div>\n\n\n\n<div class=\"wp-block-columns is-layout-flex wp-container-core-columns-is-layout-28f84493 wp-block-columns-is-layout-flex\">\n<div class=\"wp-block-column is-vertically-aligned-center is-layout-flow wp-block-column-is-layout-flow\">\n<figure class=\"wp-block-image size-large has-custom-border\"><img fetchpriority=\"high\" decoding=\"async\" width=\"931\" height=\"1024\" src=\"https:\/\/bertillebossard.com\/wp-content\/uploads\/2025\/01\/photo-pres-931x1024.jpg\" alt=\"\" class=\"wp-image-1636\" style=\"border-radius:0px\" srcset=\"https:\/\/bertillebossard.com\/wp-content\/uploads\/2025\/01\/photo-pres-931x1024.jpg 931w, https:\/\/bertillebossard.com\/wp-content\/uploads\/2025\/01\/photo-pres-273x300.jpg 273w, https:\/\/bertillebossard.com\/wp-content\/uploads\/2025\/01\/photo-pres-768x845.jpg 768w, https:\/\/bertillebossard.com\/wp-content\/uploads\/2025\/01\/photo-pres-1396x1536.jpg 1396w, https:\/\/bertillebossard.com\/wp-content\/uploads\/2025\/01\/photo-pres-1862x2048.jpg 1862w, https:\/\/bertillebossard.com\/wp-content\/uploads\/2025\/01\/photo-pres-105x116.jpg 105w\" sizes=\"(max-width: 931px) 100vw, 931px\" \/><\/figure>\n<\/div>\n\n\n\n<div class=\"wp-block-column is-layout-flow wp-block-column-is-layout-flow\">\n<h2 class=\"wp-block-heading has-ast-global-color-0-color has-text-color\">Bienvenue chez Be.<\/h2>\n\n\n\n<p class=\"has-ast-global-color-0-color has-text-color\">Merci de prendre le temps de d\u00e9couvrir mon univers.<\/p>\n\n\n\n<p class=\"has-ast-global-color-0-color has-text-color has-link-color wp-elements-04b23d3bef9c0c1d1d92325ebef2eb8d\">Je suis Bertille Bossard, et pr\u00e8s trois ann\u00e9es d\u2019\u00e9tudes en <strong>graphisme<\/strong>, une exp\u00e9rience formatrice en tant qu\u2019assistante communication au sein de l\u2019association Ruptur, puis pr\u00e8s de deux ans comme graphiste chez CWF, j\u2019ai choisi de donner une nouvelle direction \u00e0 mon parcours en <strong>d\u00e9veloppant mon activit\u00e9 en freelance.<\/strong><\/p>\n\n\n\n<p class=\"has-ast-global-color-0-color has-text-color has-link-color wp-elements-8fc7628e32bb444b25bc3a125c174376\">Mon m\u00e9tier me passionne, mais plus encore, j\u2019ai besoin qu\u2019il ait du sens. C\u2019est pourquoi j\u2019ai d\u00e9cid\u00e9 de mettre mes comp\u00e9tences au service de<strong> projets locaux<\/strong>, de projets <strong>culturels<\/strong>, d\u2019entreprises<strong> engag\u00e9es pour la pr\u00e9servation de l\u2019environnement<\/strong>, ou encore de<strong> projets li\u00e9s \u00e0 l\u2019outdoor<\/strong>.<\/p>\n\n\n\n<p class=\"has-ast-global-color-0-color has-text-color has-link-color wp-elements-ac788ddff7706e3d47b1eceaee2ca898\">Aujourd\u2019hui, j\u2019accompagne ces acteurs \u00e0 <strong>construire une identit\u00e9 visuelle authentique<\/strong> et align\u00e9e avec leurs valeurs, tout en d\u00e9veloppant leur communication sur les<strong> r\u00e9seaux sociaux pour en faire un v\u00e9ritable levier de d\u00e9veloppement.<\/strong><\/p>\n\n\n\n<p class=\"has-ast-global-color-0-color has-text-color\">Parce qu\u2019\u00e0 mes yeux, se d\u00e9marquer ne repose pas sur la performance, mais sur la coh\u00e9rence entre ce qu\u2019on fait, ce qu\u2019on dit et ce qu\u2019on montre.<\/p>\n<\/div>\n<\/div>\n\n\n\n<div style=\"height:100px\" aria-hidden=\"true\" class=\"wp-block-spacer\"><\/div>\n\n\n\n<div class=\"wp-block-columns is-layout-flex wp-container-core-columns-is-layout-28f84493 wp-block-columns-is-layout-flex\">\n<div class=\"wp-block-column is-layout-flow wp-block-column-is-layout-flow\"><\/div>\n\n\n\n<div class=\"wp-block-column is-layout-flow wp-block-column-is-layout-flow\"><\/div>\n\n\n\n<div class=\"wp-block-column is-layout-flow wp-block-column-is-layout-flow\"><\/div>\n<\/div>\n\n\n\n<div style=\"height:100px\" aria-hidden=\"true\" class=\"wp-block-spacer\"><\/div>\n\n\n\n<div class=\"wp-block-group alignfull has-background-color has-white-color has-ast-global-color-2-background-color has-text-color has-background has-link-color wp-elements-6c16787b08f0e8d9e1076339844cb72d is-vertical is-content-justification-stretch is-layout-flex wp-container-core-group-is-layout-48a3dbfb wp-block-group-is-layout-flex\" style=\"min-height:40vh;margin-top:0;margin-bottom:0;padding-top:var(--wp--preset--spacing--60);padding-right:var(--wp--preset--spacing--40);padding-bottom:var(--wp--preset--spacing--60);padding-left:var(--wp--preset--spacing--40)\">\n<div class=\"wp-block-columns alignwide has-small-font-size is-layout-flex wp-container-core-columns-is-layout-28f84493 wp-block-columns-is-layout-flex\">\n<div class=\"wp-block-column is-layout-flow wp-block-column-is-layout-flow\">\n<p class=\"has-text-align-center\"><strong>Bertille Bossard<\/strong><\/p>\n\n\n\n<p class=\"has-text-align-center has-ast-global-color-2-background-color has-background\">bossardbertille26@gmail.com<\/p>\n\n\n\n<p class=\"has-text-align-center\">06 16 04 56 71<\/p>\n\n\n\n<p class=\"has-text-align-center\">Les Herbiers, 85500<\/p>\n<\/div>\n\n\n\n<div class=\"wp-block-column is-layout-flow wp-block-column-is-layout-flow\">\n<p class=\"has-text-align-center\"><strong>Pages<\/strong><\/p>\n\n\n<nav class=\"has-small-font-size items-justified-center is-vertical no-wrap wp-block-navigation is-content-justification-center is-nowrap is-layout-flex wp-container-core-navigation-is-layout-34a3ecb2 wp-block-navigation-is-layout-flex\" aria-label=\"Navigation\"><ul class=\"wp-block-navigation__container has-small-font-size items-justified-center is-vertical no-wrap wp-block-navigation has-small-font-size\"><li class=\"has-small-font-size wp-block-navigation-item wp-block-navigation-link\"><a class=\"wp-block-navigation-item__content\"  href=\"https:\/\/bertillebossard.com\/?page_id=604\"><span class=\"wp-block-navigation-item__label\">\u00c0 propos<\/span><\/a><\/li><li class=\"has-small-font-size wp-block-navigation-item wp-block-navigation-link\"><a class=\"wp-block-navigation-item__content\"  href=\"https:\/\/bertillebossard.com\/?page_id=521\"><span class=\"wp-block-navigation-item__label\">Contact<\/span><\/a><\/li><li class=\"has-small-font-size wp-block-navigation-item wp-block-navigation-link\"><a class=\"wp-block-navigation-item__content\"  href=\"https:\/\/bertillebossard.com\/?page_id=975\"><span class=\"wp-block-navigation-item__label\">Nos cr\u00e9ations<\/span><\/a><\/li><\/ul><\/nav>\n\n\n<div style=\"height:24px\" aria-hidden=\"true\" class=\"wp-block-spacer\"><\/div>\n<\/div>\n\n\n\n<div class=\"wp-block-column is-layout-flow wp-block-column-is-layout-flow\">\n<p class=\"has-text-align-center\"><strong>R\u00e9seaux sociaux<\/strong><\/p>\n\n\n\n<div class=\"wp-block-group is-vertical is-content-justification-center is-layout-flex wp-container-core-group-is-layout-0e868306 wp-block-group-is-layout-flex\">\n<p>@bossardart<\/p>\n\n\n\n<p>@bevoyagess<\/p>\n\n\n\n<p><a href=\"#\">Linkedin<\/a><\/p>\n<\/div>\n\n\n\n<div style=\"height:24px\" aria-hidden=\"true\" class=\"wp-block-spacer\"><\/div>\n<\/div>\n<\/div>\n\n\n\n<div class=\"wp-block-group alignwide is-content-justification-center is-layout-flex wp-container-core-group-is-layout-c124d1c4 wp-block-group-is-layout-flex\">\n<p class=\"has-text-align-center has-small-font-size\"> Proudly powered by <a rel=\"nofollow\" href=\"https:\/\/wordpress.org\">WordPress<\/a> <\/p>\n<\/div>\n<\/div>\n","protected":false},"excerpt":{"rendered":"<p>Bienvenue chez Be. Merci de prendre le temps de d\u00e9couvrir mon univers. Je suis Bertille Bossard, et pr\u00e8s trois ann\u00e9es d\u2019\u00e9tudes en graphisme, une exp\u00e9rience formatrice en tant qu\u2019assistante communication au sein de l\u2019association Ruptur, puis pr\u00e8s de deux ans comme graphiste chez CWF, j\u2019ai choisi de donner une nouvelle direction \u00e0 mon parcours en [&hellip;]<\/p>\n","protected":false},"author":1,"featured_media":0,"parent":0,"menu_order":0,"comment_status":"closed","ping_status":"closed","template":"","meta":{"om_disable_all_campaigns":false,"_uag_custom_page_level_css":"","_monsterinsights_skip_tracking":false,"_monsterinsights_sitenote_active":false,"_monsterinsights_sitenote_note":"","_monsterinsights_sitenote_category":0,"site-sidebar-layout":"default","site-content-layout":"","ast-site-content-layout":"default","site-content-style":"default","site-sidebar-style":"default","ast-global-header-display":"","ast-banner-title-visibility":"","ast-main-header-display":"","ast-hfb-above-header-display":"","ast-hfb-below-header-display":"","ast-hfb-mobile-header-display":"","site-post-title":"disabled","ast-breadcrumbs-content":"","ast-featured-img":"","footer-sml-layout":"","theme-transparent-header-meta":"","adv-header-id-meta":"","stick-header-meta":"","header-above-stick-meta":"","header-main-stick-meta":"","header-below-stick-meta":"","astra-migrate-meta-layouts":"set","ast-page-background-enabled":"default","ast-page-background-meta":{"desktop":{"background-color":"","background-image":"","background-repeat":"repeat","background-position":"center center","background-size":"auto","background-attachment":"scroll","background-type":"","background-media":"","overlay-type":"","overlay-color":"","overlay-opacity":"","overlay-gradient":""},"tablet":{"background-color":"","background-image":"","background-repeat":"repeat","background-position":"center center","background-size":"auto","background-attachment":"scroll","background-type":"","background-media":"","overlay-type":"","overlay-color":"","overlay-opacity":"","overlay-gradient":""},"mobile":{"background-color":"","background-image":"","background-repeat":"repeat","background-position":"center center","background-size":"auto","background-attachment":"scroll","background-type":"","background-media":"","overlay-type":"","overlay-color":"","overlay-opacity":"","overlay-gradient":""}},"ast-content-background-meta":{"desktop":{"background-color":"var(--ast-global-color-5)","background-image":"","background-repeat":"repeat","background-position":"center center","background-size":"auto","background-attachment":"scroll","background-type":"","background-media":"","overlay-type":"","overlay-color":"","overlay-opacity":"","overlay-gradient":""},"tablet":{"background-color":"var(--ast-global-color-5)","background-image":"","background-repeat":"repeat","background-position":"center center","background-size":"auto","background-attachment":"scroll","background-type":"","background-media":"","overlay-type":"","overlay-color":"","overlay-opacity":"","overlay-gradient":""},"mobile":{"background-color":"var(--ast-global-color-5)","background-image":"","background-repeat":"repeat","background-position":"center center","background-size":"auto","background-attachment":"scroll","background-type":"","background-media":"","overlay-type":"","overlay-color":"","overlay-opacity":"","overlay-gradient":""}},"footnotes":""},"class_list":["post-604","page","type-page","status-publish","hentry"],"aioseo_notices":[],"uagb_featured_image_src":{"full":false,"thumbnail":false,"medium":false,"medium_large":false,"large":false,"1536x1536":false,"2048x2048":false,"mailpoet_newsletter_max":false,"woocommerce_thumbnail":false,"woocommerce_single":false,"woocommerce_gallery_thumbnail":false,"form-edit-image-preview":false},"uagb_author_info":{"display_name":"bossardbertille26@gmail.com","author_link":"https:\/\/bertillebossard.com\/?author=1"},"uagb_comment_info":0,"uagb_excerpt":"Bienvenue chez Be. Merci de prendre le temps de d\u00e9couvrir mon univers. Je suis Bertille Bossard, et pr\u00e8s trois ann\u00e9es d\u2019\u00e9tudes en graphisme, une exp\u00e9rience formatrice en tant qu\u2019assistante communication au sein de l\u2019association Ruptur, puis pr\u00e8s de deux ans comme graphiste chez CWF, j\u2019ai choisi de donner une nouvelle direction \u00e0 mon parcours en\u2026","jetpack_sharing_enabled":true,"_links":{"self":[{"href":"https:\/\/bertillebossard.com\/index.php?rest_route=\/wp\/v2\/pages\/604","targetHints":{"allow":["GET"]}}],"collection":[{"href":"https:\/\/bertillebossard.com\/index.php?rest_route=\/wp\/v2\/pages"}],"about":[{"href":"https:\/\/bertillebossard.com\/index.php?rest_route=\/wp\/v2\/types\/page"}],"author":[{"embeddable":true,"href":"https:\/\/bertillebossard.com\/index.php?rest_route=\/wp\/v2\/users\/1"}],"replies":[{"embeddable":true,"href":"https:\/\/bertillebossard.com\/index.php?rest_route=%2Fwp%2Fv2%2Fcomments&post=604"}],"version-history":[{"count":38,"href":"https:\/\/bertillebossard.com\/index.php?rest_route=\/wp\/v2\/pages\/604\/revisions"}],"predecessor-version":[{"id":1748,"href":"https:\/\/bertillebossard.com\/index.php?rest_route=\/wp\/v2\/pages\/604\/revisions\/1748"}],"wp:attachment":[{"href":"https:\/\/bertillebossard.com\/index.php?rest_route=%2Fwp%2Fv2%2Fmedia&parent=604"}],"curies":[{"name":"wp","href":"https:\/\/api.w.org\/{rel}","templated":true}]}}